{"id":67508,"date":"2017-06-18T20:54:18","date_gmt":"2017-06-18T18:54:18","guid":{"rendered":"https:\/\/www.leaderscontact.com\/?page_id=67508\/"},"modified":"2025-08-25T09:29:56","modified_gmt":"2025-08-25T07:29:56","slug":"company","status":"publish","type":"page","link":"https:\/\/www.leaderscontact.com\/de\/company\/","title":{"rendered":"Unternehmen"},"content":{"rendered":"<div class=\"wpb-content-wrapper\"><p>[vc_row row_height_percent=&#8221;35&#8243; override_padding=&#8221;yes&#8221; h_padding=&#8221;0&#8243; top_padding=&#8221;0&#8243; bottom_padding=&#8221;3&#8243; overlay_alpha=&#8221;50&#8243; equal_height=&#8221;yes&#8221; gutter_size=&#8221;0&#8243; column_width_percent=&#8221;100&#8243; shift_y=&#8221;0&#8243; z_index=&#8221;0&#8243;][vc_column column_width_percent=&#8221;100&#8243; align_horizontal=&#8221;align_center&#8221; gutter_size=&#8221;0&#8243; overlay_alpha=&#8221;50&#8243; shift_x=&#8221;0&#8243; shift_y=&#8221;0&#8243; shift_y_down=&#8221;0&#8243; z_index=&#8221;0&#8243; medium_width=&#8221;0&#8243; mobile_width=&#8221;0&#8243; width=&#8221;1\/1&#8243;][vc_row_inner row_inner_height_percent=&#8221;0&#8243; overlay_alpha=&#8221;50&#8243; gutter_size=&#8221;3&#8243; shift_y=&#8221;0&#8243; z_index=&#8221;0&#8243;][vc_column_inner column_width_percent=&#8221;100&#8243; gutter_size=&#8221;3&#8243; override_padding=&#8221;yes&#8221; column_padding=&#8221;4&#8243; overlay_alpha=&#8221;50&#8243; shift_x=&#8221;0&#8243; shift_y=&#8221;0&#8243; shift_y_down=&#8221;0&#8243; z_index=&#8221;0&#8243; medium_width=&#8221;0&#8243; mobile_width=&#8221;0&#8243; width=&#8221;1\/1&#8243;][vc_custom_heading heading_semantic=&#8221;h3&#8243; text_size=&#8221;h1&#8243; separator_color=&#8221;yes&#8221; separator=&#8221;yes&#8221;]Who we are.[\/vc_custom_heading][vc_column_text text_lead=&#8221;yes&#8221; uncode_shortcode_id=&#8221;112016&#8243;]Mit ausgew\u00e4hlten \u201eInside\u201c\u2013Konferenzen bietet business factors Deutschland mit einer eigenen Marke Leaders Contact International unabh\u00e4ngige Business-Plattformen und beleuchtet damit die neuesten Trends und Entwicklungen aus Kunden- und Anbietersicht.<\/p>\n<p>Der fachliche Austausch zu hochaktuellen Themen steht bei uns an erster Stelle. Dabei bieten wir direkte Anregungen f\u00fcr die t\u00e4gliche Arbeit als auch konkrete L\u00f6sungsans\u00e4tze f\u00fcr zuk\u00fcnftige Herausforderungen. Gro\u00dfen Wert legen wir auf einen hohen Informationsgehalt in Verbindung mit vielf\u00e4ltigen interaktiven Elementen und umfangreichen Networking-Optionen, professionell organisiert.<\/p>\n<p>Unser Format ist speziell auf die jeweiligen Bed\u00fcrfnisse von Projektleitern und anderen F\u00fchrungskr\u00e4ften zugeschnitten. Basis unseres Erfolges bilden unsere Mitarbeiter mit langj\u00e4hriger Erfahrung im Veranstaltungsgesch\u00e4ft mit exzellenten Kontakten in die verschiedenen Branchen und Marktsegmente.[\/vc_column_text][vc_custom_heading heading_semantic=&#8221;h3&#8243; text_size=&#8221;h3&#8243;]Was k\u00f6nnen die Teilnehmer und Partner erwarten:[\/vc_custom_heading][uncode_list icon=&#8221;fa fa-dot-circle-o&#8221;]<\/p>\n<ul>\n<li>Konkrete Beispiele aus der Praxis<\/li>\n<li>Interaktive Expertenrunden im Rahmen sorgf\u00e4ltig ausgew\u00e4hlter Beitr\u00e4ge<\/li>\n<li>Direkter Erfahrungsaustausch unter den Teilnehmern in Form von Round Table Diskussionen und Working Groups<\/li>\n<li>Benchmarks anhand aktueller und praxiserprobter Projektbeispiele<\/li>\n<li>Gemeinsames Erarbeiten von praxisrelevanten Ergebnissen auf der Basis von Teilnehmer- und Referenten-Input<\/li>\n<li>Direkte und intensive Kommunikation in einem exklusiven Umfeld<\/li>\n<\/ul>\n<p>[\/uncode_list][vc_column_text text_lead=&#8221;yes&#8221;]Feedback ist jederzeit willkommen, um unser Angebot nachhaltig weiter zu entwickeln sowie im Sinne unserer Teilnehmer und Partner nutzbringend und nachhaltig zu gestalten.[\/vc_column_text][\/vc_column_inner][\/vc_row_inner][\/vc_column][\/vc_row][vc_row unlock_row_content=&#8221;yes&#8221; row_height_percent=&#8221;0&#8243; override_padding=&#8221;yes&#8221; h_padding=&#8221;0&#8243; top_padding=&#8221;0&#8243; bottom_padding=&#8221;4&#8243; overlay_alpha=&#8221;50&#8243; equal_height=&#8221;yes&#8221; gutter_size=&#8221;0&#8243; column_width_percent=&#8221;100&#8243; shift_y=&#8221;0&#8243; z_index=&#8221;0&#8243; content_parallax=&#8221;0&#8243; uncode_shortcode_id=&#8221;204717&#8243;][vc_column column_width_percent=&#8221;100&#8243; gutter_size=&#8221;0&#8243; overlay_alpha=&#8221;50&#8243; shift_x=&#8221;0&#8243; shift_y=&#8221;0&#8243; z_index=&#8221;0&#8243; medium_width=&#8221;0&#8243; mobile_width=&#8221;0&#8243; width=&#8221;1\/1&#8243;][vc_row_inner row_inner_height_percent=&#8221;0&#8243; force_width_grid=&#8221;yes&#8221; overlay_alpha=&#8221;50&#8243; equal_height=&#8221;yes&#8221; gutter_size=&#8221;0&#8243; shift_y=&#8221;0&#8243; z_index=&#8221;0&#8243;][vc_column_inner column_width_percent=&#8221;100&#8243; gutter_size=&#8221;3&#8243; override_padding=&#8221;yes&#8221; column_padding=&#8221;4&#8243; back_color=&#8221;color-lxmt&#8221; overlay_alpha=&#8221;50&#8243; shift_x=&#8221;0&#8243; shift_y=&#8221;0&#8243; shift_y_down=&#8221;0&#8243; z_index=&#8221;0&#8243; medium_width=&#8221;0&#8243; mobile_width=&#8221;0&#8243; width=&#8221;1\/2&#8243;][vc_custom_heading heading_semantic=&#8221;h3&#8243; text_size=&#8221;h1&#8243; separator_color=&#8221;yes&#8221; separator=&#8221;yes&#8221;]Das Format Inside.[\/vc_custom_heading][vc_column_text text_lead=&#8221;yes&#8221;]Bewusst Einsicht nehmen, sich hinein begeben und bis in die tieferen Schichten einer komplexen Thematik vordringen und dabei Wissen, Erfahrung und Best Practice miteinander verdichten. Die Routine des Arbeitsalltags durchbrechen und mit neuen Impulsen, Kontakten, Einsichten und konkreten L\u00f6sungsans\u00e4tzen zur\u00fcckkehren. Wieder nach Hause fahren mit der Erkenntnis, dass noch viel zu tun, aber der Anfang gemacht ist oder mit dem beruhigenden Gef\u00fchl, dass die eigenen Projekte im Vergleich zu anderen auf dem aktuellen Stand der Zeit sind, aber noch viel Luft nach oben ist.[\/vc_column_text][\/vc_column_inner][vc_column_inner column_width_percent=&#8221;100&#8243; align_horizontal=&#8221;align_center&#8221; gutter_size=&#8221;3&#8243; override_padding=&#8221;yes&#8221; column_padding=&#8221;4&#8243; expand_height=&#8221;yes&#8221; style=&#8221;dark&#8221; back_color=&#8221;color-rgdb&#8221; overlay_alpha=&#8221;50&#8243; shift_x=&#8221;0&#8243; shift_y=&#8221;0&#8243; shift_y_down=&#8221;0&#8243; z_index=&#8221;0&#8243; medium_width=&#8221;0&#8243; mobile_width=&#8221;0&#8243; width=&#8221;1\/4&#8243;][vc_icon icon=&#8221;fa fa-linegraph&#8221; icon_color=&#8221;accent&#8221; size=&#8221;fa-5x&#8221; text_size=&#8221;h2&#8243; css_animation=&#8221;zoom-out&#8221; animation_delay=&#8221;200&#8243; align=&#8221;left&#8221; title=&#8221;F\u00fchrungskr\u00e4fte&#8221;]Verschwenden Sie keine Zeit. Treffen Sie bereits heute auf Ihre Gesch\u00e4ftspartner von morgen.[\/vc_icon][\/vc_column_inner][vc_column_inner column_width_percent=&#8221;100&#8243; align_horizontal=&#8221;align_center&#8221; gutter_size=&#8221;3&#8243; override_padding=&#8221;yes&#8221; column_padding=&#8221;4&#8243; expand_height=&#8221;yes&#8221; style=&#8221;dark&#8221; back_color=&#8221;color-wayh&#8221; overlay_alpha=&#8221;50&#8243; shift_x=&#8221;0&#8243; shift_y=&#8221;0&#8243; shift_y_down=&#8221;0&#8243; z_index=&#8221;0&#8243; medium_width=&#8221;0&#8243; mobile_width=&#8221;0&#8243; width=&#8221;1\/4&#8243;][vc_icon icon=&#8221;fa fa-mic&#8221; icon_color=&#8221;accent&#8221; size=&#8221;fa-5x&#8221; text_size=&#8221;h2&#8243; css_animation=&#8221;zoom-out&#8221; animation_delay=&#8221;400&#8243; align=&#8221;left&#8221; title=&#8221;Referenten&#8221;]Know-how, Erfahrungen und Best-Practices. Experten Ihrer Branche zeigen L\u00f6sungswege auf.[\/vc_icon][\/vc_column_inner][\/vc_row_inner][vc_row_inner row_inner_height_percent=&#8221;0&#8243; force_width_grid=&#8221;yes&#8221; overlay_alpha=&#8221;50&#8243; equal_height=&#8221;yes&#8221; gutter_size=&#8221;0&#8243; shift_y=&#8221;0&#8243; z_index=&#8221;0&#8243; desktop_visibility=&#8221;yes&#8221; medium_visibility=&#8221;yes&#8221; mobile_visibility=&#8221;yes&#8221;][vc_column_inner column_width_percent=&#8221;100&#8243; align_horizontal=&#8221;align_center&#8221; gutter_size=&#8221;3&#8243; override_padding=&#8221;yes&#8221; column_padding=&#8221;4&#8243; expand_height=&#8221;yes&#8221; style=&#8221;dark&#8221; back_color=&#8221;color-rgdb&#8221; overlay_alpha=&#8221;50&#8243; shift_x=&#8221;0&#8243; shift_y=&#8221;0&#8243; shift_y_down=&#8221;0&#8243; z_index=&#8221;0&#8243; medium_width=&#8221;0&#8243; mobile_width=&#8221;0&#8243; width=&#8221;1\/4&#8243;][vc_icon icon=&#8221;fa fa-genius&#8221; icon_color=&#8221;accent&#8221; size=&#8221;fa-5x&#8221; text_size=&#8221;h2&#8243; css_animation=&#8221;zoom-out&#8221; animation_delay=&#8221;200&#8243; align=&#8221;left&#8221; title=&#8221;Netzwerk&#8221;]Erweitern Sie Ihr Umfeld und treten Sie direkt mit Ihrer Zielgruppe in Kontakt.[\/vc_icon][\/vc_column_inner][vc_column_inner column_width_percent=&#8221;100&#8243; align_horizontal=&#8221;align_center&#8221; gutter_size=&#8221;3&#8243; override_padding=&#8221;yes&#8221; column_padding=&#8221;4&#8243; expand_height=&#8221;yes&#8221; style=&#8221;dark&#8221; back_color=&#8221;color-wayh&#8221; overlay_alpha=&#8221;50&#8243; shift_x=&#8221;0&#8243; shift_y=&#8221;0&#8243; shift_y_down=&#8221;0&#8243; z_index=&#8221;0&#8243; medium_width=&#8221;0&#8243; mobile_width=&#8221;0&#8243; width=&#8221;1\/4&#8243;][vc_icon icon=&#8221;fa fa-scope&#8221; icon_color=&#8221;accent&#8221; size=&#8221;fa-5x&#8221; text_size=&#8221;h2&#8243; css_animation=&#8221;zoom-out&#8221; animation_delay=&#8221;400&#8243; align=&#8221;left&#8221; title=&#8221;Matching-Prozesse&#8221;]Ausgew\u00e4hlte Matching-Prozesse zur gezielten und themenfokussierten Vernetzung.[\/vc_icon][\/vc_column_inner][vc_column_inner column_width_percent=&#8221;100&#8243; gutter_size=&#8221;3&#8243; override_padding=&#8221;yes&#8221; column_padding=&#8221;4&#8243; back_color=&#8221;color-lxmt&#8221; overlay_alpha=&#8221;50&#8243; shift_x=&#8221;0&#8243; shift_y=&#8221;0&#8243; shift_y_down=&#8221;0&#8243; z_index=&#8221;0&#8243; medium_width=&#8221;0&#8243; mobile_width=&#8221;0&#8243; width=&#8221;1\/2&#8243;][vc_custom_heading heading_semantic=&#8221;h3&#8243; text_font=&#8221;font-202503&#8243; text_size=&#8221;h1&#8243; text_space=&#8221;fontspace-781688&#8243; separator_color=&#8221;yes&#8221; separator=&#8221;yes&#8221;]How we do it.[\/vc_custom_heading][vc_column_text text_lead=&#8221;yes&#8221;]Individuell auf die Bed\u00fcrfnisse der jeweiligen Zielgruppe zugeschnittene Programme mit hochkar\u00e4tigen Referenten bieten den Teilnehmern Inhalte mit Substanz und Inspiration f\u00fcr innovative L\u00f6sungsans\u00e4tze und ihre pragmatische Umsetzung im Unternehmen. Im Vordergrund stehen dabei ausgew\u00e4hlte Best Practice Beispiele und interaktive Gespr\u00e4chsrunden in Verbindung mit vielf\u00e4ltigen Networking-M\u00f6glichkeiten zum intensiven fachlichen Austausch.[\/vc_column_text][\/vc_column_inner][\/vc_row_inner][\/vc_column][\/vc_row]<\/p>\n<\/div>","protected":false},"excerpt":{"rendered":"<p>[vc_row row_height_percent=&#8221;35&#8243; override_padding=&#8221;yes&#8221; h_padding=&#8221;0&#8243; top_padding=&#8221;0&#8243; bottom_padding=&#8221;3&#8243; overlay_alpha=&#8221;50&#8243; equal_height=&#8221;yes&#8221; gutter_size=&#8221;0&#8243; column_width_percent=&#8221;100&#8243; shift_y=&#8221;0&#8243; z_index=&#8221;0&#8243;][vc_column column_width_percent=&#8221;100&#8243; align_horizontal=&#8221;align_center&#8221; gutter_size=&#8221;0&#8243; overlay_alpha=&#8221;50&#8243; shift_x=&#8221;0&#8243; shift_y=&#8221;0&#8243; shift_y_down=&#8221;0&#8243; z_index=&#8221;0&#8243; [&hellip;]<\/p>\n","protected":false},"author":7,"featured_media":0,"parent":0,"menu_order":3,"comment_status":"closed","ping_status":"closed","template":"","meta":{"footnotes":""},"class_list":["post-67508","page","type-page","status-publish","hentry","page_category-webseite"],"yoast_head":"<!-- This site is optimized with the Yoast SEO plugin v27.2 - https:\/\/yoast.com\/product\/yoast-seo-wordpress\/ -->\n<title>Unternehmen - Leaders Contact<\/title>\n<meta name=\"robots\" content=\"index, follow, max-snippet:-1, max-image-preview:large, max-video-preview:-1\" \/>\n<link rel=\"canonical\" href=\"https:\/\/www.leaderscontact.com\/de\/company\/\" \/>\n<meta property=\"og:locale\" content=\"de_DE\" \/>\n<meta property=\"og:type\" content=\"article\" \/>\n<meta property=\"og:title\" content=\"Unternehmen - Leaders Contact\" \/>\n<meta property=\"og:description\" content=\"[vc_row row_height_percent=&#8221;35&#8243; override_padding=&#8221;yes&#8221; h_padding=&#8221;0&#8243; top_padding=&#8221;0&#8243; bottom_padding=&#8221;3&#8243; overlay_alpha=&#8221;50&#8243; equal_height=&#8221;yes&#8221; gutter_size=&#8221;0&#8243; column_width_percent=&#8221;100&#8243; shift_y=&#8221;0&#8243; z_index=&#8221;0&#8243;][vc_column column_width_percent=&#8221;100&#8243; align_horizontal=&#8221;align_center&#8221; gutter_size=&#8221;0&#8243; overlay_alpha=&#8221;50&#8243; shift_x=&#8221;0&#8243; shift_y=&#8221;0&#8243; shift_y_down=&#8221;0&#8243; z_index=&#8221;0&#8243; [&hellip;]\" \/>\n<meta property=\"og:url\" content=\"https:\/\/www.leaderscontact.com\/de\/company\/\" \/>\n<meta property=\"og:site_name\" content=\"Leaders Contact\" \/>\n<meta property=\"article:publisher\" content=\"https:\/\/www.facebook.com\/LeadersContact\/\" \/>\n<meta property=\"article:modified_time\" content=\"2025-08-25T07:29:56+00:00\" \/>\n<meta name=\"twitter:card\" content=\"summary_large_image\" \/>\n<meta name=\"twitter:site\" content=\"@Leaders_contact\" \/>\n<meta name=\"twitter:label1\" content=\"Gesch\u00e4tzte Lesezeit\" \/>\n\t<meta name=\"twitter:data1\" content=\"4\u00a0Minuten\" \/>\n<script type=\"application\/ld+json\" class=\"yoast-schema-graph\">{\"@context\":\"https:\/\/schema.org\",\"@graph\":[{\"@type\":\"WebPage\",\"@id\":\"https:\/\/www.leaderscontact.com\/de\/company\/\",\"url\":\"https:\/\/www.leaderscontact.com\/de\/company\/\",\"name\":\"Unternehmen - Leaders Contact\",\"isPartOf\":{\"@id\":\"https:\/\/www.leaderscontact.com\/de\/#website\"},\"datePublished\":\"2017-06-18T18:54:18+00:00\",\"dateModified\":\"2025-08-25T07:29:56+00:00\",\"breadcrumb\":{\"@id\":\"https:\/\/www.leaderscontact.com\/de\/company\/#breadcrumb\"},\"inLanguage\":\"de\",\"potentialAction\":[{\"@type\":\"ReadAction\",\"target\":[\"https:\/\/www.leaderscontact.com\/de\/company\/\"]}]},{\"@type\":\"BreadcrumbList\",\"@id\":\"https:\/\/www.leaderscontact.com\/de\/company\/#breadcrumb\",\"itemListElement\":[{\"@type\":\"ListItem\",\"position\":1,\"name\":\"Startseite\",\"item\":\"https:\/\/www.leaderscontact.com\/de\/\"},{\"@type\":\"ListItem\",\"position\":2,\"name\":\"Unternehmen\"}]},{\"@type\":\"WebSite\",\"@id\":\"https:\/\/www.leaderscontact.com\/de\/#website\",\"url\":\"https:\/\/www.leaderscontact.com\/de\/\",\"name\":\"Leaders Contact\",\"description\":\"\",\"publisher\":{\"@id\":\"https:\/\/www.leaderscontact.com\/de\/#organization\"},\"potentialAction\":[{\"@type\":\"SearchAction\",\"target\":{\"@type\":\"EntryPoint\",\"urlTemplate\":\"https:\/\/www.leaderscontact.com\/de\/?s={search_term_string}\"},\"query-input\":{\"@type\":\"PropertyValueSpecification\",\"valueRequired\":true,\"valueName\":\"search_term_string\"}}],\"inLanguage\":\"de\"},{\"@type\":\"Organization\",\"@id\":\"https:\/\/www.leaderscontact.com\/de\/#organization\",\"name\":\"Leaders Contact International GmbH\",\"url\":\"https:\/\/www.leaderscontact.com\/de\/\",\"logo\":{\"@type\":\"ImageObject\",\"inLanguage\":\"de\",\"@id\":\"https:\/\/www.leaderscontact.com\/de\/#\/schema\/logo\/image\/\",\"url\":\"https:\/\/www.leaderscontact.com\/media\/2016\/10\/leadcon-logo_black.png\",\"contentUrl\":\"https:\/\/www.leaderscontact.com\/media\/2016\/10\/leadcon-logo_black.png\",\"width\":600,\"height\":106,\"caption\":\"Leaders Contact International GmbH\"},\"image\":{\"@id\":\"https:\/\/www.leaderscontact.com\/de\/#\/schema\/logo\/image\/\"},\"sameAs\":[\"https:\/\/www.facebook.com\/LeadersContact\/\",\"https:\/\/x.com\/Leaders_contact\",\"https:\/\/www.linkedin.com\/company\/leadcon-leaders-contact-international-gmbh\",\"https:\/\/www.youtube.com\/channel\/UCC9yEoJJ_ER0Y3H0fGNrMvw\"]}]}<\/script>\n<!-- \/ Yoast SEO plugin. -->","yoast_head_json":{"title":"Unternehmen - Leaders Contact","robots":{"index":"index","follow":"follow","max-snippet":"max-snippet:-1","max-image-preview":"max-image-preview:large","max-video-preview":"max-video-preview:-1"},"canonical":"https:\/\/www.leaderscontact.com\/de\/company\/","og_locale":"de_DE","og_type":"article","og_title":"Unternehmen - Leaders Contact","og_description":"[vc_row row_height_percent=&#8221;35&#8243; override_padding=&#8221;yes&#8221; h_padding=&#8221;0&#8243; top_padding=&#8221;0&#8243; bottom_padding=&#8221;3&#8243; overlay_alpha=&#8221;50&#8243; equal_height=&#8221;yes&#8221; gutter_size=&#8221;0&#8243; column_width_percent=&#8221;100&#8243; shift_y=&#8221;0&#8243; z_index=&#8221;0&#8243;][vc_column column_width_percent=&#8221;100&#8243; align_horizontal=&#8221;align_center&#8221; gutter_size=&#8221;0&#8243; overlay_alpha=&#8221;50&#8243; shift_x=&#8221;0&#8243; shift_y=&#8221;0&#8243; shift_y_down=&#8221;0&#8243; z_index=&#8221;0&#8243; [&hellip;]","og_url":"https:\/\/www.leaderscontact.com\/de\/company\/","og_site_name":"Leaders Contact","article_publisher":"https:\/\/www.facebook.com\/LeadersContact\/","article_modified_time":"2025-08-25T07:29:56+00:00","twitter_card":"summary_large_image","twitter_site":"@Leaders_contact","twitter_misc":{"Gesch\u00e4tzte Lesezeit":"4\u00a0Minuten"},"schema":{"@context":"https:\/\/schema.org","@graph":[{"@type":"WebPage","@id":"https:\/\/www.leaderscontact.com\/de\/company\/","url":"https:\/\/www.leaderscontact.com\/de\/company\/","name":"Unternehmen - Leaders Contact","isPartOf":{"@id":"https:\/\/www.leaderscontact.com\/de\/#website"},"datePublished":"2017-06-18T18:54:18+00:00","dateModified":"2025-08-25T07:29:56+00:00","breadcrumb":{"@id":"https:\/\/www.leaderscontact.com\/de\/company\/#breadcrumb"},"inLanguage":"de","potentialAction":[{"@type":"ReadAction","target":["https:\/\/www.leaderscontact.com\/de\/company\/"]}]},{"@type":"BreadcrumbList","@id":"https:\/\/www.leaderscontact.com\/de\/company\/#breadcrumb","itemListElement":[{"@type":"ListItem","position":1,"name":"Startseite","item":"https:\/\/www.leaderscontact.com\/de\/"},{"@type":"ListItem","position":2,"name":"Unternehmen"}]},{"@type":"WebSite","@id":"https:\/\/www.leaderscontact.com\/de\/#website","url":"https:\/\/www.leaderscontact.com\/de\/","name":"Leaders Contact","description":"","publisher":{"@id":"https:\/\/www.leaderscontact.com\/de\/#organization"},"potentialAction":[{"@type":"SearchAction","target":{"@type":"EntryPoint","urlTemplate":"https:\/\/www.leaderscontact.com\/de\/?s={search_term_string}"},"query-input":{"@type":"PropertyValueSpecification","valueRequired":true,"valueName":"search_term_string"}}],"inLanguage":"de"},{"@type":"Organization","@id":"https:\/\/www.leaderscontact.com\/de\/#organization","name":"Leaders Contact International GmbH","url":"https:\/\/www.leaderscontact.com\/de\/","logo":{"@type":"ImageObject","inLanguage":"de","@id":"https:\/\/www.leaderscontact.com\/de\/#\/schema\/logo\/image\/","url":"https:\/\/www.leaderscontact.com\/media\/2016\/10\/leadcon-logo_black.png","contentUrl":"https:\/\/www.leaderscontact.com\/media\/2016\/10\/leadcon-logo_black.png","width":600,"height":106,"caption":"Leaders Contact International GmbH"},"image":{"@id":"https:\/\/www.leaderscontact.com\/de\/#\/schema\/logo\/image\/"},"sameAs":["https:\/\/www.facebook.com\/LeadersContact\/","https:\/\/x.com\/Leaders_contact","https:\/\/www.linkedin.com\/company\/leadcon-leaders-contact-international-gmbh","https:\/\/www.youtube.com\/channel\/UCC9yEoJJ_ER0Y3H0fGNrMvw"]}]}},"_links":{"self":[{"href":"https:\/\/www.leaderscontact.com\/de\/wp-json\/wp\/v2\/pages\/67508","targetHints":{"allow":["GET"]}}],"collection":[{"href":"https:\/\/www.leaderscontact.com\/de\/wp-json\/wp\/v2\/pages"}],"about":[{"href":"https:\/\/www.leaderscontact.com\/de\/wp-json\/wp\/v2\/types\/page"}],"author":[{"embeddable":true,"href":"https:\/\/www.leaderscontact.com\/de\/wp-json\/wp\/v2\/users\/7"}],"replies":[{"embeddable":true,"href":"https:\/\/www.leaderscontact.com\/de\/wp-json\/wp\/v2\/comments?post=67508"}],"version-history":[{"count":0,"href":"https:\/\/www.leaderscontact.com\/de\/wp-json\/wp\/v2\/pages\/67508\/revisions"}],"wp:attachment":[{"href":"https:\/\/www.leaderscontact.com\/de\/wp-json\/wp\/v2\/media?parent=67508"}],"curies":[{"name":"wp","href":"https:\/\/api.w.org\/{rel}","templated":true}]}}